
{"id":4203,"date":"2021-11-21T23:32:39","date_gmt":"2021-11-21T23:32:39","guid":{"rendered":"https:\/\/www.penichesurfcamp.com\/terms-and-conditions\/"},"modified":"2025-08-08T12:19:30","modified_gmt":"2025-08-08T12:19:30","slug":"termos-e-condicoes","status":"publish","type":"page","link":"https:\/\/www.penichesurfcamp.com\/pt\/termos-e-condicoes\/","title":{"rendered":"Termos &#038; Condi\u00e7\u00f5es"},"content":{"rendered":"\n<h2 class=\"wp-block-heading\" id=\"_231-politica-de-reserva\">Pol\u00edtica de reserva<\/h2>\n\n\n\n<p><strong>1) Reservar:<\/strong>&nbsp;Ap\u00f3s recebermos o seu pedido de reserva entraremos em contacto consigo em menos de 24 horas. Forneceremos todas as informa\u00e7\u00f5es que voc\u00ea pode precisar e solicitaremos o pagamento de um dep\u00f3sito. Depois de lhe enviarmos o pedido de pagamento da reserva s\u00f3 poderemos garantir a disponibilidade para as pr\u00f3ximas 48 Horas..<\/p>\n\n\n\n<p><strong>a)&nbsp;&nbsp;<\/strong>O pagamento da reserva dever\u00e1 ser efetuado 24 horas antes da chegada. O pagamento total dever\u00e1 ser feito antes da chegada ou no check-in.<\/p>\n\n\n\n<p><strong>b)&nbsp;&nbsp; Animais:<\/strong>&nbsp;C\u00e3es e outros animais de estima\u00e7\u00e3o s\u00f3 s\u00e3o permitidos no alojamento privado. Ser\u00e1 cobrada uma taxa extra de 10 eur por noite por animal. O cliente tem de ter os animais presos por coleiras dentro da propriedade do Peniche Surf Camp. Os clientes s\u00e3o respons\u00e1veis pela limpeza e danos que os seus animais possam causar.<\/p>\n\n\n\n<p><strong>(2) Confirma\u00e7\u00e3o:<\/strong>&nbsp;Ap\u00f3s o pagamento do dep\u00f3sito voc\u00ea receber\u00e1 um e-mail de confirma\u00e7\u00e3o e instru\u00e7\u00f5es. S\u00f3 garantimos a sua vaga ap\u00f3s o pagamento do dep\u00f3sito. Tenha em aten\u00e7\u00e3o que necessitamos de saber se efetuou o pagamento do dep\u00f3sito, enviando-nos o comprovativo de pagamento.<\/p>\n\n\n\n<p><strong>(3)<\/strong>&nbsp;<strong>Se desejares modificar a tua reserva<\/strong>&nbsp;depois de ter sido confirmada, ex.datas, nomes etc, dever\u00e1s cancelar a tua reserva e faz\u00ea-lo novamente atrav\u00e9s da p\u00e1gina da net do Peniche Surf Camp. Tentaremos modificar a tua reserva mas n\u00e3o garantimos sucesso. Taxas de cancelamento podem ser aplicadas.<\/p>\n\n\n\n<h2 class=\"wp-block-heading\" id=\"_282-opcoes-de-pagamento\">Op\u00e7\u00f5es de pagamento<\/h2>\n\n\n\n<p>Transfer\u00eancia Banc\u00e1ria<br>Nome de Cliente: Peniche Surf Camp PSC, Lda<br>IBAN: PT50001000005245077000117<br>SWIFT\/BIC: BBPIPTPL<br><strong>Depois da transfer\u00eancia efetuada \u00e9 necess\u00e1rio que nos envies por fax ou email o recibo oficial ou um print screen que prova a transfer\u00eancia, porque sem esta prova n\u00e3o podemos confirmar a reserva.<\/strong> <strong>Nota por favor que alguns bancos cobram uma comiss\u00e3o extra por transfer\u00eancias banc\u00e1rias internacionais. Se for o caso, essa comiss\u00e3o \u00e9 da responsabilidade do cliente.<\/strong><\/p>\n\n\n\n<h2 class=\"wp-block-heading\" id=\"_283-politica-de-cancelamentos\">Pol\u00edtica de Cancelamentos<\/h2>\n\n\n\n<p>Depois de a confirma\u00e7\u00e3o ser efectuada, como \u00e9 mencionado em cima, aceitamos o cancelamento, mediante os seguintes casos:<\/p>\n\n\n\n<p><strong>a)<\/strong>&nbsp;At\u00e9 um m\u00eas antes da chegada devolvemos o total do dep\u00f3sito.<br><strong>b)<\/strong>&nbsp;At\u00e9 duas semanas antes da chegada cobramos 50 % do dep\u00f3sito para reserva.<br><strong>c)&nbsp;<\/strong>At\u00e9 uma semana n\u00e3o devolvemos o dep\u00f3sito. <br><strong>d)<\/strong>&nbsp;Ap\u00f3s chegada n\u00e3o reembolsamos excepto por doen\u00e7a ou acidente.<\/p>\n\n\n\n<h2 class=\"wp-block-heading\" id=\"_284-politica-dos-transfers\">Politica dos Transfers<\/h2>\n\n\n\n<p>No caso de teres reservado um transfer do aeroporto de Lisboa para o Peniche surf camp (PSC):<\/p>\n\n\n\n<p><br><strong>a)<\/strong>&nbsp;O transfer deve ser reservado pelo cliente 24 h antes e confirmado pelo Peniche Surf Camp.<\/p>\n\n\n\n<p><strong>b)&nbsp;<\/strong>O cancelamento de um transfer deve ser efectuado at\u00e9 24 horas antes da chegada prevista. Caso contr\u00e1rio n\u00e3o devolvemos o dep\u00f3sito ou a totalidade do transfer.<\/p>\n\n\n\n<p><strong>c)<\/strong>&nbsp;Assim que o avi\u00e3o pousar, o cliente ter\u00e1 uma hora para sair pela porta do aeroporto. Por cada meia hora extra ap\u00f3s este per\u00edodo, ser\u00e1 cobrado ao cliente um valor adicional de 10 EUR.<\/p>\n\n\n\n<p><strong>d)<\/strong> Para deixar clientes em outro local que n\u00e3o o aeroporto de Lisboa, por exemplo no centro de Lisboa, haver\u00e1 um custo adicional de 20 EUR.<\/p>\n\n\n\n<p><strong>e)&nbsp;<\/strong>Se o avi\u00e3o atrasar por favor informe o Surf Camp o mais r\u00e1pido poss\u00edvel. Caso o cliente n\u00e3o informe e o avi\u00e3o esteja atrasado, ser\u00e1 cobrado ao cliente um adicional de 10 euros por cada meia hora de atraso.<\/p>\n\n\n\n<p><strong>f)&nbsp;<\/strong>O motorista espera por ti, no hall de chegada do aeroporto de Lisboa, na \u00e1rea reservada aos agentes de viagens.<\/p>\n\n\n\n<p><strong>g)&nbsp;<\/strong>Os clientes devem mostrar a confirma\u00e7\u00e3o de reserva ao motorista do PSC.<\/p>\n\n\n\n<p><strong>h)&nbsp;<\/strong>O servi\u00e7o de transfer pode ser recusado pelo motorista nos casos de intoxica\u00e7\u00e3o, comportamento agressivo por parte dos clientes e elevado grau de alcoolismo. Nesse caso, o PSC tem o direito de cobrar 100% do pre\u00e7o do transfer.<\/p>\n\n\n\n<p><strong>i)&nbsp;<\/strong>O transfer poder\u00e1 ser recusado com cobran\u00e7a do pre\u00e7o integral no caso de bagagem com excesso de peso se n\u00e3o for previamente anunciado (o peso permitido da bagagem \u00e9 de 30 kg por pessoa), reserva incorreta quanto ao n\u00famero de passageiros ou ao destino final.<\/p>\n\n\n\n<p><strong>j)<\/strong>&nbsp;\u00c9 requerido ao cliente que d\u00ea um n\u00famero de telefone de forma a estar comunic\u00e1vel em Portugal. Em casos de atraso causado por engarrafamento, mau tempo ou qualquer outro factor que n\u00e3o possam ser influenciados pelo PSC, n\u00e3o assumimos a responsabilidade. PSC n\u00e3o reembolsa qualquer outro transporte usado pelo cliente (por exemplo, t\u00e1xi, autocarro e outros).<\/p>\n\n\n\n<h2 class=\"wp-block-heading\" id=\"_285-politica-de-alojamento\">Politica de Alojamento<\/h2>\n\n\n\n<p>O Check-In \u00e9 a partir das 16h00 e o Check-Out at\u00e9 \u00e0s 11h00 (se ficar depois das 11h00 ser\u00e1 cobrada uma noite extra).<br>.<br>Al\u00e9m dos hor\u00e1rios acima mencionados, o Check-In \u00e9 poss\u00edvel a qualquer momento, desde que o cliente indique a data e hora de chegada.<\/p>\n\n\n\n<p><br>Ser\u00e1 solicitado um dep\u00f3sito de 10 euros pela chave, que ser\u00e1 devolvido no final da sua estadia.<\/p>\n\n\n\n<p><br>Pague sua conta antes ou na chegada. Aceitamos cart\u00f5es de cr\u00e9dito (exceto American Express), mas esteja ciente de que \u00e0s vezes eles n\u00e3o funcionam.<\/p>\n\n\n\n<p>O PSC n\u00e3o se responsabiliza por qualquer roubo ou furto que ocorra dentro ou fora de sua propriedade.<\/p>\n\n\n\n<p><br>O PSC recomenda que voc\u00ea guarde seus pertences pessoais no cofre. Recomendamos tamb\u00e9m n\u00e3o deixar o equipamento de surf ao ar livre durante a noite. O PSC n\u00e3o se responsabiliza pelos pertences pessoais do cliente durante a sua estadia, onde quer que estejam colocados. O Cliente \u00e9 totalmente respons\u00e1vel pelos seus pertences pessoais.<br><\/p>\n\n\n\n<p>Informar a recep\u00e7\u00e3o caso haja danos na estrutura ou objectos do Peniche Surfcamp.<\/p>\n\n\n\n<p>N\u00e3o danificar nenhuma estrutura ou objecto do surf camp de Peniche.<br><br>Para quem est\u00e1 em <strong>Alojamento Partilhado:<\/strong><\/p>\n\n\n\n<ul class=\"wp-block-list\">\n<li>Limpe a lou\u00e7a etc. na cozinha comum ap\u00f3s o uso;<\/li>\n\n\n\n<li>Voc\u00ea tamb\u00e9m pode utilizar as casas de banho exteriores;<\/li>\n\n\n\n<li>N\u00e3o deite papel higi\u00e9nico na sanita (pois entope facilmente os esgotos) coloque-o no caixote do lixo a\u00ed previsto para o efeito;<\/li>\n\n\n\n<li>Nenhum ru\u00eddo ap\u00f3s as 23:00 horas;<\/li>\n\n\n\n<li>Respeite seus colegas de quarto;<\/li>\n\n\n\n<li>Devolva sempre a chave do seu quarto\/casa;<\/li>\n\n\n\n<li>Guarde os pertences pessoais no cofre;<\/li>\n\n\n\n<li>Tranque seu quarto.<\/li>\n<\/ul>\n\n\n\n<p><\/p>\n\n\n\n<p>Para as pessoas em&nbsp;<strong>Alojamento privado:<\/strong><\/p>\n\n\n\n<ul class=\"wp-block-list\">\n<li>A \u00e1rea externa perto da recep\u00e7\u00e3o \u00e9 para usares mesmo que estejas alojado num alojamento privado;<\/li>\n\n\n\n<li>&nbsp;Se ficares sem \u00e1gua quente, por favor informa a recep\u00e7\u00e3o. Mudamos-te a botija do gas;<\/li>\n\n\n\n<li>Respeita os teus vizinhos. N\u00e3o est\u00e1s sozinho.<\/li>\n\n\n\n<li>Voc\u00ea deve deixar a casa em boas condi\u00e7\u00f5es antes de sair, caso contr\u00e1rio poder\u00e1 ser cobrado um valor extra pelos servi\u00e7os de limpeza.<\/li>\n\n\n\n<li>Tranque sempre o seu alojamento<\/li>\n<\/ul>\n\n\n\n<p>Pedimos uma cau\u00e7\u00e3o de 10 eur por chave dos alojamento dada no check in, cau\u00e7\u00e3o essa que ser\u00e1 devolvida no check out, se o cliente entregar as chaves que lhe foram dadas \u00e1 chegada. Para os grupos que pe\u00e7am mais de uma chave, ser\u00e1 pedida uma cau\u00e7\u00e3o a mais por cada chave dada.&nbsp;&nbsp;<\/p>\n\n\n\n<h2 class=\"wp-block-heading\" id=\"_286-politica-das-aulas-de-surf\">Politica das Aulas de Surf<\/h2>\n\n\n\n<p><br>Respeita os hor\u00e1rios das aulas. PSC n\u00e3o abre nenhuma excep\u00e7\u00e3o no hor\u00e1rio das aulas.<br><br>Se o cliente reservar mais do que um dia de aulas espera-se que tenha as aulas nos dias seguintes desde que iniciou as aulas. Se o cliente decidir n\u00e3o ter aulas no dia a seguir, dever\u00e1 informar a recep\u00e7\u00e3o com 24 h de anteced\u00eancia.<\/p>\n\n\n\n<p>Se o cliente n\u00e3o comparecer para as aulas de surf o PSC n\u00e3o dar\u00e1 aula de substitui\u00e7\u00e3o ou n\u00e3o reembolsa.<\/p>\n\n\n\n<p>Cada reserva das aulas de surf \u00e9 personalizada. O PSC n\u00e3o possui qualquer relacionamento com empresas substitutas ou subcontratadas.<\/p>\n\n\n\n<p>Os clientes t\u00eam que seguir as instru\u00e7\u00f5es dos seus professores. Cumpre sempre as regras de seguran\u00e7a. No caso de te aleijares informa o teu professor de imediato.<\/p>\n\n\n\n<p>O Peniche Surf Camp n\u00e3o \u00e9 respons\u00e1vel nem reembolsa se as aulas de surf n\u00e3o puderem ocorrer devido a condi\u00e7\u00f5es mar\u00edtimas e meteorol\u00f3gicas adversas tais como: aus\u00eancia de ondas, ondas em excesso, nevoeiro ou vento forte. Por\u00e9m, neste casos raros o Peniche Surf Camp elaborar\u00e1 um plano alternativo como uma aula te\u00f3rica, surf trip etc.<br><br>A correc\u00e7\u00e3o de v\u00eddeo realizar-se-\u00e1 se as condi\u00e7\u00f5es meteorol\u00f3gicas e mar\u00edtimas o permitirem e quando o aluno tem no m\u00ednimo 3 dias de aulas de surf (6 sess\u00f5es).<\/p>\n\n\n\n<p>Se est\u00e1s a ter&nbsp;<strong>Aulas de surf:<\/strong><\/p>\n\n\n\n<ul class=\"wp-block-list\">\n<li>N\u00e3o te esque\u00e7as de assinar o seguro desportivo;<\/li>\n\n\n\n<li>N\u00e3o te atrases para as aulas;<\/li>\n\n\n\n<li>Para al\u00e9m dos teus bens pessoais, traz comida para comer entre as sess\u00f5es de aulas. <\/li>\n\n\n\n<li>O equipamento \u00e9 apenas para uso nas aulas. Se quiseres utiliza-lo fora das aulas, tens de o alugar;<\/li>\n\n\n\n<li>\u00c9s respons\u00e1vel pelo teu equipamento de surf. Deve estar sempre limpo;<\/li>\n\n\n\n<li>Se desejares ficar com o material em casa, deves deixar um dep\u00f3sito de 250 eur, que te ser\u00e1 devolvido quando trouxeres o material de volta e em boas condi\u00e7\u00f5es!<\/li>\n<\/ul>\n\n\n\n<p><strong>Dicas:<\/strong><\/p>\n\n\n\n<ul class=\"wp-block-list\">\n<li>\u00c0 noite n\u00e3o deixes o teu equipamento de surf na rua, leva-o para dentro de casa;<\/li>\n\n\n\n<li>Lava o teu fato nos tanques que existem \u00e1 entrada;<\/li>\n\n\n\n<li>Poupa \u00e1gua e energia. Desliga as luzes e fecha as torneiras;<\/li>\n\n\n\n<li>Deixa a areia na praia.<\/li>\n<\/ul>\n\n\n\n<h2 class=\"wp-block-heading\" id=\"_287-politica-de-aluguer-de-material\">Politica de aluguer de material<\/h2>\n\n\n\n<p>Todo o equipamento \u00e9 verificado pelo staff para assegurar que o material se encontra em boas condi\u00e7\u00f5es.<\/p>\n\n\n\n<p>Tem em aten\u00e7\u00e3o que \u00e9s&nbsp;<strong>financeiramente e pessoalmente respons\u00e1vel&nbsp;<\/strong>pelo material alugado durante o per\u00edodo de aluguer (desde o momento em que o vais buscar at\u00e9 ao momento em que o entregas).<\/p>\n\n\n\n<p><strong>Regras de aluguer<\/strong><\/p>\n\n\n\n<ul class=\"wp-block-list\">\n<li>Bilhete de identidade ou passaporte;<\/li>\n\n\n\n<li>Horas de aluguer: Inverno das 8.00 at\u00e9 as 18.00. Ver\u00e3o das 8.00 at\u00e9 as 20.00h;<\/li>\n\n\n\n<li>O material deve ser devolvido todos os dias em boas condi\u00e7\u00f5es: fato e prancha lavados e limpos;<\/li>\n\n\n\n<li>Se desejas ter o material em casa deves deixar um dep\u00f3sito de 250 eur que te ser\u00e1 devolvido quando entregares o equipamento em boas condi\u00e7\u00f5es!<\/li>\n<\/ul>\n\n\n\n<h2 class=\"wp-block-heading\" id=\"_288-contactos-importantes\">Contactos importantes<\/h2>\n\n\n\n<p><strong>Policia:<\/strong>&nbsp;262782152<br><strong>Emerg\u00eancias:<\/strong>&nbsp;112<br><strong>Bombeiros:<\/strong>&nbsp;262789666<br><strong>T\u00e1xi:<\/strong>&nbsp;96 238 4830<br><strong>Surfcamp:&nbsp;<\/strong>962336295<\/p>\n","protected":false},"excerpt":{"rendered":"<p>Pol\u00edtica de reserva 1) Reservar:&nbsp;Ap\u00f3s recebermos o seu pedido de reserva entraremos em contacto consigo em menos de 24 horas. Forneceremos todas as informa\u00e7\u00f5es que voc\u00ea pode precisar e solicitaremos o pagamento de um dep\u00f3sito. Depois de lhe enviarmos o pedido de pagamento da reserva s\u00f3 poderemos garantir a disponibilidade para as pr\u00f3ximas 48 Horas.. [&#8230;]<\/p>\n<p><a class=\"btn btn-secondary understrap-read-more-link\" href=\"https:\/\/www.penichesurfcamp.com\/pt\/termos-e-condicoes\/\">Continuar a ler&#8230;<span class=\"screen-reader-text\"> from Termos &#038; Condi\u00e7\u00f5es<\/span><\/a><\/p>\n","protected":false},"author":1,"featured_media":0,"parent":0,"menu_order":0,"comment_status":"closed","ping_status":"closed","template":"page-templates\/template-default.php","meta":{"_acf_changed":false,"footnotes":""},"class_list":["post-4203","page","type-page","status-publish","hentry"],"acf":[],"yoast_head":"<!-- This site is optimized with the Yoast SEO plugin v24.0 - https:\/\/yoast.com\/wordpress\/plugins\/seo\/ -->\n<title>Termos &amp; Condi\u00e7\u00f5es - Peniche Surf Camp<\/title>\n<meta name=\"robots\" content=\"index, follow, max-snippet:-1, max-image-preview:large, max-video-preview:-1\" \/>\n<link rel=\"canonical\" href=\"https:\/\/www.penichesurfcamp.com\/pt\/termos-e-condicoes\/\" \/>\n<meta property=\"og:locale\" content=\"pt_PT\" \/>\n<meta property=\"og:type\" content=\"article\" \/>\n<meta property=\"og:title\" content=\"Termos &amp; Condi\u00e7\u00f5es - Peniche Surf Camp\" \/>\n<meta property=\"og:description\" content=\"Pol\u00edtica de reserva 1) Reservar:&nbsp;Ap\u00f3s recebermos o seu pedido de reserva entraremos em contacto consigo em menos de 24 horas. Forneceremos todas as informa\u00e7\u00f5es que voc\u00ea pode precisar e solicitaremos o pagamento de um dep\u00f3sito. Depois de lhe enviarmos o pedido de pagamento da reserva s\u00f3 poderemos garantir a disponibilidade para as pr\u00f3ximas 48 Horas.. [...]Continuar a ler... from Termos &#038; Condi\u00e7\u00f5es\" \/>\n<meta property=\"og:url\" content=\"https:\/\/www.penichesurfcamp.com\/pt\/termos-e-condicoes\/\" \/>\n<meta property=\"og:site_name\" content=\"Peniche Surf Camp\" \/>\n<meta property=\"article:publisher\" content=\"https:\/\/www.facebook.com\/PenicheSurfCamp\" \/>\n<meta property=\"article:modified_time\" content=\"2025-08-08T12:19:30+00:00\" \/>\n<meta name=\"twitter:card\" content=\"summary_large_image\" \/>\n<meta name=\"twitter:site\" content=\"@Penichesurfcamp\" \/>\n<meta name=\"twitter:label1\" content=\"Tempo estimado de leitura\" \/>\n\t<meta name=\"twitter:data1\" content=\"7 minutos\" \/>\n<script type=\"application\/ld+json\" class=\"yoast-schema-graph\">{\"@context\":\"https:\/\/schema.org\",\"@graph\":[{\"@type\":\"WebPage\",\"@id\":\"https:\/\/www.penichesurfcamp.com\/pt\/termos-e-condicoes\/\",\"url\":\"https:\/\/www.penichesurfcamp.com\/pt\/termos-e-condicoes\/\",\"name\":\"Termos & Condi\u00e7\u00f5es - Peniche Surf Camp\",\"isPartOf\":{\"@id\":\"https:\/\/www.penichesurfcamp.com\/pt\/#website\"},\"datePublished\":\"2021-11-21T23:32:39+00:00\",\"dateModified\":\"2025-08-08T12:19:30+00:00\",\"breadcrumb\":{\"@id\":\"https:\/\/www.penichesurfcamp.com\/pt\/termos-e-condicoes\/#breadcrumb\"},\"inLanguage\":\"pt-PT\",\"potentialAction\":[{\"@type\":\"ReadAction\",\"target\":[\"https:\/\/www.penichesurfcamp.com\/pt\/termos-e-condicoes\/\"]}]},{\"@type\":\"BreadcrumbList\",\"@id\":\"https:\/\/www.penichesurfcamp.com\/pt\/termos-e-condicoes\/#breadcrumb\",\"itemListElement\":[{\"@type\":\"ListItem\",\"position\":1,\"name\":\"Home\",\"item\":\"https:\/\/www.penichesurfcamp.com\/pt\/\"},{\"@type\":\"ListItem\",\"position\":2,\"name\":\"Termos &#038; Condi\u00e7\u00f5es\"}]},{\"@type\":\"WebSite\",\"@id\":\"https:\/\/www.penichesurfcamp.com\/pt\/#website\",\"url\":\"https:\/\/www.penichesurfcamp.com\/pt\/\",\"name\":\"Peniche Surf Camp\",\"description\":\"Your smile is our goal\",\"publisher\":{\"@id\":\"https:\/\/www.penichesurfcamp.com\/pt\/#organization\"},\"potentialAction\":[{\"@type\":\"SearchAction\",\"target\":{\"@type\":\"EntryPoint\",\"urlTemplate\":\"https:\/\/www.penichesurfcamp.com\/pt\/?s={search_term_string}\"},\"query-input\":{\"@type\":\"PropertyValueSpecification\",\"valueRequired\":true,\"valueName\":\"search_term_string\"}}],\"inLanguage\":\"pt-PT\"},{\"@type\":\"Organization\",\"@id\":\"https:\/\/www.penichesurfcamp.com\/pt\/#organization\",\"name\":\"Peniche Surf Camp\",\"url\":\"https:\/\/www.penichesurfcamp.com\/pt\/\",\"logo\":{\"@type\":\"ImageObject\",\"inLanguage\":\"pt-PT\",\"@id\":\"https:\/\/www.penichesurfcamp.com\/pt\/#\/schema\/logo\/image\/\",\"url\":\"https:\/\/www.penichesurfcamp.com\/wp-content\/uploads\/2021\/12\/Peniche-Surf-Camp.svg\",\"contentUrl\":\"https:\/\/www.penichesurfcamp.com\/wp-content\/uploads\/2021\/12\/Peniche-Surf-Camp.svg\",\"caption\":\"Peniche Surf Camp\"},\"image\":{\"@id\":\"https:\/\/www.penichesurfcamp.com\/pt\/#\/schema\/logo\/image\/\"},\"sameAs\":[\"https:\/\/www.facebook.com\/PenicheSurfCamp\",\"https:\/\/x.com\/Penichesurfcamp\",\"https:\/\/www.instagram.com\/penichesurfcamp\"]}]}<\/script>\n<!-- \/ Yoast SEO plugin. -->","yoast_head_json":{"title":"Termos & Condi\u00e7\u00f5es - Peniche Surf Camp","robots":{"index":"index","follow":"follow","max-snippet":"max-snippet:-1","max-image-preview":"max-image-preview:large","max-video-preview":"max-video-preview:-1"},"canonical":"https:\/\/www.penichesurfcamp.com\/pt\/termos-e-condicoes\/","og_locale":"pt_PT","og_type":"article","og_title":"Termos & Condi\u00e7\u00f5es - Peniche Surf Camp","og_description":"Pol\u00edtica de reserva 1) Reservar:&nbsp;Ap\u00f3s recebermos o seu pedido de reserva entraremos em contacto consigo em menos de 24 horas. Forneceremos todas as informa\u00e7\u00f5es que voc\u00ea pode precisar e solicitaremos o pagamento de um dep\u00f3sito. Depois de lhe enviarmos o pedido de pagamento da reserva s\u00f3 poderemos garantir a disponibilidade para as pr\u00f3ximas 48 Horas.. [...]Continuar a ler... from Termos &#038; Condi\u00e7\u00f5es","og_url":"https:\/\/www.penichesurfcamp.com\/pt\/termos-e-condicoes\/","og_site_name":"Peniche Surf Camp","article_publisher":"https:\/\/www.facebook.com\/PenicheSurfCamp","article_modified_time":"2025-08-08T12:19:30+00:00","twitter_card":"summary_large_image","twitter_site":"@Penichesurfcamp","twitter_misc":{"Tempo estimado de leitura":"7 minutos"},"schema":{"@context":"https:\/\/schema.org","@graph":[{"@type":"WebPage","@id":"https:\/\/www.penichesurfcamp.com\/pt\/termos-e-condicoes\/","url":"https:\/\/www.penichesurfcamp.com\/pt\/termos-e-condicoes\/","name":"Termos & Condi\u00e7\u00f5es - Peniche Surf Camp","isPartOf":{"@id":"https:\/\/www.penichesurfcamp.com\/pt\/#website"},"datePublished":"2021-11-21T23:32:39+00:00","dateModified":"2025-08-08T12:19:30+00:00","breadcrumb":{"@id":"https:\/\/www.penichesurfcamp.com\/pt\/termos-e-condicoes\/#breadcrumb"},"inLanguage":"pt-PT","potentialAction":[{"@type":"ReadAction","target":["https:\/\/www.penichesurfcamp.com\/pt\/termos-e-condicoes\/"]}]},{"@type":"BreadcrumbList","@id":"https:\/\/www.penichesurfcamp.com\/pt\/termos-e-condicoes\/#breadcrumb","itemListElement":[{"@type":"ListItem","position":1,"name":"Home","item":"https:\/\/www.penichesurfcamp.com\/pt\/"},{"@type":"ListItem","position":2,"name":"Termos &#038; Condi\u00e7\u00f5es"}]},{"@type":"WebSite","@id":"https:\/\/www.penichesurfcamp.com\/pt\/#website","url":"https:\/\/www.penichesurfcamp.com\/pt\/","name":"Peniche Surf Camp","description":"Your smile is our goal","publisher":{"@id":"https:\/\/www.penichesurfcamp.com\/pt\/#organization"},"potentialAction":[{"@type":"SearchAction","target":{"@type":"EntryPoint","urlTemplate":"https:\/\/www.penichesurfcamp.com\/pt\/?s={search_term_string}"},"query-input":{"@type":"PropertyValueSpecification","valueRequired":true,"valueName":"search_term_string"}}],"inLanguage":"pt-PT"},{"@type":"Organization","@id":"https:\/\/www.penichesurfcamp.com\/pt\/#organization","name":"Peniche Surf Camp","url":"https:\/\/www.penichesurfcamp.com\/pt\/","logo":{"@type":"ImageObject","inLanguage":"pt-PT","@id":"https:\/\/www.penichesurfcamp.com\/pt\/#\/schema\/logo\/image\/","url":"https:\/\/www.penichesurfcamp.com\/wp-content\/uploads\/2021\/12\/Peniche-Surf-Camp.svg","contentUrl":"https:\/\/www.penichesurfcamp.com\/wp-content\/uploads\/2021\/12\/Peniche-Surf-Camp.svg","caption":"Peniche Surf Camp"},"image":{"@id":"https:\/\/www.penichesurfcamp.com\/pt\/#\/schema\/logo\/image\/"},"sameAs":["https:\/\/www.facebook.com\/PenicheSurfCamp","https:\/\/x.com\/Penichesurfcamp","https:\/\/www.instagram.com\/penichesurfcamp"]}]}},"_links":{"self":[{"href":"https:\/\/www.penichesurfcamp.com\/pt\/wp-json\/wp\/v2\/pages\/4203","targetHints":{"allow":["GET"]}}],"collection":[{"href":"https:\/\/www.penichesurfcamp.com\/pt\/wp-json\/wp\/v2\/pages"}],"about":[{"href":"https:\/\/www.penichesurfcamp.com\/pt\/wp-json\/wp\/v2\/types\/page"}],"author":[{"embeddable":true,"href":"https:\/\/www.penichesurfcamp.com\/pt\/wp-json\/wp\/v2\/users\/1"}],"replies":[{"embeddable":true,"href":"https:\/\/www.penichesurfcamp.com\/pt\/wp-json\/wp\/v2\/comments?post=4203"}],"version-history":[{"count":7,"href":"https:\/\/www.penichesurfcamp.com\/pt\/wp-json\/wp\/v2\/pages\/4203\/revisions"}],"predecessor-version":[{"id":15793,"href":"https:\/\/www.penichesurfcamp.com\/pt\/wp-json\/wp\/v2\/pages\/4203\/revisions\/15793"}],"wp:attachment":[{"href":"https:\/\/www.penichesurfcamp.com\/pt\/wp-json\/wp\/v2\/media?parent=4203"}],"curies":[{"name":"wp","href":"https:\/\/api.w.org\/{rel}","templated":true}]}}